{"id":22,"date":"2015-08-25T12:23:26","date_gmt":"2015-08-25T12:23:26","guid":{"rendered":"http:\/\/www.residenciallafontaine.com.br\/site\/?page_id=22"},"modified":"2018-11-22T05:16:55","modified_gmt":"2018-11-22T05:16:55","slug":"conveniencias-hotel-la-fontaine","status":"publish","type":"page","link":"http:\/\/www.hotellafontaine.com.br\/site\/conveniencias-hotel-la-fontaine\/","title":{"rendered":"Servi\u00e7os e Conveni\u00eancias"},"content":{"rendered":"<p>No Hotel La Fontaine, voc\u00ea fica \u00e0 vontade. Oferecemos\u00a0servi\u00e7os e conveni\u00eancias\u00a0para que sua estadia fique ainda mais agrad\u00e1vel e voc\u00ea volte sempre!<\/p>\n<p><strong>Conveni\u00eancias<\/strong><br \/>\n\u2022 Room Service;<br \/>\n\u2022 Wi-Fi;<br \/>\n\u2022 Estacionamento Coberto;<br \/>\n\u2022 Restaurante;<br \/>\n\u2022 Lavanderia;<br \/>\n\u2022 Linha de telefone direta.<\/p>\n<p><strong>Servi\u00e7os de recep\u00e7\u00e3o<\/strong><a href=\"http:\/\/www.residenciallafontaine.com.br\/site\/wp-content\/uploads\/2015\/08\/servicos-la-fontaine.jpg\" rel=\"attachment wp-att-528\"><br \/>\n<\/a><a href=\"http:\/\/www.residenciallafontaine.com.br\/site\/wp-content\/uploads\/2015\/08\/servicos-la-fontaine.jpg\" rel=\"attachment wp-att-528\"><img loading=\"lazy\" class=\"alignnone wp-image-528 size-full\" src=\"http:\/\/www.residenciallafontaine.com.br\/site\/wp-content\/uploads\/2015\/08\/servicos-la-fontaine-e1460127790699.jpg\" alt=\"servicos-la-fontaine\" width=\"900\" height=\"257\" \/><\/a>\u2022 Recep\u00e7\u00e3o 24 horas;<br \/>\n\u2022 Servi\u00e7o de despertar;<br \/>\n\u2022 Dep\u00f3sito de Bagagem.<\/p>\n<p><strong>Caf\u00e9 da manh\u00e3 incluso na di\u00e1ria<br \/>\n<\/strong><a href=\"http:\/\/www.residenciallafontaine.com.br\/site\/wp-content\/uploads\/2015\/08\/CAF\u00c9-2.jpg\" rel=\"attachment wp-att-615\"><img loading=\"lazy\" class=\"alignnone wp-image-615 size-full\" src=\"http:\/\/www.residenciallafontaine.com.br\/site\/wp-content\/uploads\/2015\/08\/CAF\u00c9-2-e1460128248117.jpg\" alt=\"cafe\" width=\"900\" height=\"256\" srcset=\"http:\/\/www.hotellafontaine.com.br\/site\/wp-content\/uploads\/2015\/08\/CAF\u00c9-2-e1460128248117.jpg 900w, http:\/\/www.hotellafontaine.com.br\/site\/wp-content\/uploads\/2015\/08\/CAF\u00c9-2-e1460128248117-300x85.jpg 300w, http:\/\/www.hotellafontaine.com.br\/site\/wp-content\/uploads\/2015\/08\/CAF\u00c9-2-e1460128248117-768x218.jpg 768w, http:\/\/www.hotellafontaine.com.br\/site\/wp-content\/uploads\/2015\/08\/CAF\u00c9-2-e1460128248117-100x28.jpg 100w\" sizes=\"(max-width: 900px) 100vw, 900px\" \/><\/a><\/p>\n<p>Um delicioso caf\u00e9 da manh\u00e3, com gostinho de Minas \u00e9 oferecido em nosso restaurante, com grande variedade de p\u00e3es, bolos, sucos e frutas. Tudo muito fresco e selecionado para voc\u00ea come\u00e7ar seu dia com toda energia.<br \/>\n<em>Hor\u00e1rio de funcionamento: de segunda a s\u00e1bado\u00a0das 06h30 \u00e0s 09h30, domingo das 06h30 \u00e0s 10h30<\/em>.<\/p>\n<p><strong>Servi\u00e7os de lavanderia<\/strong><a href=\"http:\/\/www.residenciallafontaine.com.br\/site\/wp-content\/uploads\/2015\/08\/lavanderia-la-fontaine.jpg\" rel=\"attachment wp-att-527\"><br \/>\n<\/a><a href=\"http:\/\/www.residenciallafontaine.com.br\/site\/wp-content\/uploads\/2015\/08\/lavanderia-la-fontaine.jpg\" rel=\"attachment wp-att-527\"><img loading=\"lazy\" class=\"alignnone wp-image-527 size-full\" src=\"http:\/\/www.residenciallafontaine.com.br\/site\/wp-content\/uploads\/2015\/08\/lavanderia-la-fontaine-e1460127813575.jpg\" alt=\"lavanderia-la-fontaine\" width=\"900\" height=\"257\" \/><\/a><\/p>\n<p>\u2022 Lavanderia pr\u00f3pria e altamente especializada, com profissionais capacitados para melhor atend\u00ea-lo.<br \/>\n\u2022 Servi\u00e7o de lavar e passar roupa, cobran\u00e7a por pe\u00e7a \u2013O servi\u00e7o \u00e9 solicitado atrav\u00e9s da recep\u00e7\u00e3o sendo necess\u00e1rio o preenchimento e assinatura do formul\u00e1rio(ROL) dispon\u00edvel no apartamento.<br \/>\n<em>Hor\u00e1rio de funcionamento: de segunda \u00e0\u00a0sexta\u00a0das 08h00 \u00a0\u00e0s 18h00.<\/em><\/p>\n<p><strong>Lojas<br \/>\n<\/strong><a href=\"http:\/\/www.residenciallafontaine.com.br\/site\/wp-content\/uploads\/2015\/08\/lojas-la-fontaine.jpg\" rel=\"attachment wp-att-529\"><br \/>\n<\/a><a href=\"http:\/\/www.residenciallafontaine.com.br\/site\/wp-content\/uploads\/2015\/08\/lojas-la-fontaine.jpg\" rel=\"attachment wp-att-529\"><img loading=\"lazy\" class=\"alignnone wp-image-529 size-full\" src=\"http:\/\/www.residenciallafontaine.com.br\/site\/wp-content\/uploads\/2015\/08\/lojas-la-fontaine-e1460127832505.jpg\" alt=\"lojas-la-fontaine\" width=\"900\" height=\"256\" \/><\/a>\u2022 Lojas de conveni\u00eancias dentro do hotel.<\/p>\n<p><strong>Comodidades<br \/>\n<a href=\"http:\/\/www.residenciallafontaine.com.br\/site\/wp-content\/uploads\/2015\/08\/comodidade-la-fontaine.jpg\" rel=\"attachment wp-att-531\"><br \/>\n<\/a><a href=\"http:\/\/www.residenciallafontaine.com.br\/site\/wp-content\/uploads\/2015\/08\/comodidade-la-fontaine.jpg\" rel=\"attachment wp-att-531\"><img loading=\"lazy\" class=\"alignnone wp-image-531 size-full\" src=\"http:\/\/www.residenciallafontaine.com.br\/site\/wp-content\/uploads\/2015\/08\/comodidade-la-fontaine-e1460127845826.jpg\" alt=\"comodidade -la-fontaine\" width=\"900\" height=\"257\" \/><\/a><\/strong><br \/>\n\u2022 Internet gr\u00e1tis! Acesso Wi-Fi dispon\u00edvel em todas as \u00e1reas do hotel;<br \/>\n\u2022 Estacionamento gr\u00e1tis! Coberto e com port\u00e3o autom\u00e1tico, n\u00e3o necessita de reserva;<br \/>\n\u2022 O Hotel disp\u00f5e de circuito interno de c\u00e2meras, com monitoramento de corredores, estacionamento, recep\u00e7\u00e3o, \u00e1rea de lazer e demais ambientes p\u00fablicos do hotel.<\/p>\n<p>&nbsp;<\/p>\n<h1><a href=\"http:\/\/www.residenciallafontaine.com.br\/site\/bom-saber\/\">Bom saber!<\/a><\/h1>\n","protected":false},"excerpt":{"rendered":"<p>No Hotel La Fontaine, voc\u00ea fica \u00e0 vontade. Oferecemos\u00a0servi\u00e7os e conveni\u00eancias\u00a0para que sua estadia fique ainda mais agrad\u00e1vel e voc\u00ea volte sempre! Conveni\u00eancias \u2022 Room Service; \u2022 Wi-Fi; \u2022 Estacionamento Coberto; \u2022 Restaurante; \u2022 Lavanderia; \u2022 Linha de telefone direta. Servi\u00e7os de recep\u00e7\u00e3o \u2022 Recep\u00e7\u00e3o 24 horas; \u2022 Servi\u00e7o de despertar; \u2022 Dep\u00f3sito de Bagagem.<\/p>\n","protected":false},"author":1,"featured_media":0,"parent":0,"menu_order":0,"comment_status":"closed","ping_status":"closed","template":"","meta":[],"_links":{"self":[{"href":"http:\/\/www.hotellafontaine.com.br\/site\/wp-json\/wp\/v2\/pages\/22"}],"collection":[{"href":"http:\/\/www.hotellafontaine.com.br\/site\/wp-json\/wp\/v2\/pages"}],"about":[{"href":"http:\/\/www.hotellafontaine.com.br\/site\/wp-json\/wp\/v2\/types\/page"}],"author":[{"embeddable":true,"href":"http:\/\/www.hotellafontaine.com.br\/site\/wp-json\/wp\/v2\/users\/1"}],"replies":[{"embeddable":true,"href":"http:\/\/www.hotellafontaine.com.br\/site\/wp-json\/wp\/v2\/comments?post=22"}],"version-history":[{"count":24,"href":"http:\/\/www.hotellafontaine.com.br\/site\/wp-json\/wp\/v2\/pages\/22\/revisions"}],"predecessor-version":[{"id":616,"href":"http:\/\/www.hotellafontaine.com.br\/site\/wp-json\/wp\/v2\/pages\/22\/revisions\/616"}],"wp:attachment":[{"href":"http:\/\/www.hotellafontaine.com.br\/site\/wp-json\/wp\/v2\/media?parent=22"}],"curies":[{"name":"wp","href":"https:\/\/api.w.org\/{rel}","templated":true}]}}