{"id":24,"date":"2015-08-25T12:23:56","date_gmt":"2015-08-25T12:23:56","guid":{"rendered":"http:\/\/www.residenciallafontaine.com.br\/site\/?page_id=24"},"modified":"2016-05-12T17:38:39","modified_gmt":"2016-05-12T17:38:39","slug":"ipatinga-minas-gerais","status":"publish","type":"page","link":"http:\/\/www.hotellafontaine.com.br\/site\/ipatinga-minas-gerais\/","title":{"rendered":"Ipatinga &#8211; Minas Gerais"},"content":{"rendered":"<h2>Conhe\u00e7a um pouco mais da cidade de Ipatinga<\/h2>\n<h3><\/h3>\n<h3><strong>Parque Ipanema<br \/>\n<\/strong><a href=\"http:\/\/www.residenciallafontaine.com.br\/site\/wp-content\/uploads\/2015\/08\/Selcionada1.jpg\"><img loading=\"lazy\" class=\"alignnone wp-image-342 size-full\" src=\"http:\/\/www.residenciallafontaine.com.br\/site\/wp-content\/uploads\/2015\/08\/Selcionada1.jpg\" alt=\"parque-ipanema-ipatinga-opy-imagens-1\" width=\"548\" height=\"411\" srcset=\"http:\/\/www.hotellafontaine.com.br\/site\/wp-content\/uploads\/2015\/08\/Selcionada1.jpg 548w, http:\/\/www.hotellafontaine.com.br\/site\/wp-content\/uploads\/2015\/08\/Selcionada1-300x225.jpg 300w, http:\/\/www.hotellafontaine.com.br\/site\/wp-content\/uploads\/2015\/08\/Selcionada1-100x75.jpg 100w\" sizes=\"(max-width: 548px) 100vw, 548px\" \/><\/a><\/h3>\n<p>O Parque Ipanema possui pista para caminhadas, lago com ilha, cata-ventos, brinquedos, anfiteatro, 2 quadras poliesportivas, campos de futebol, pista de cooper, ciclovias e 4 quadras de peteca.<\/p>\n<p style=\"text-align: left;\">\u00c1rea de 1 milh\u00e3o de m\u00b2 e mais de 12 mil \u00e1rvores plantadas. \u00c9 considerada uma das maiores \u00e1reas de lazer urbana do Pa\u00eds, projeto paisag\u00edstico de Burle Marx. Abriga o Est\u00e1dio Municipal Ipating\u00e3o, o centro Esportivo e Cultural 7 de Outubro, o Kart\u00f3dromo Emerson Fittipaldi, o Horto Municipal e a \u00e1rea de lazer.<br \/>\nConstitui tamb\u00e9m a Esta\u00e7\u00e3o Cultural Museu do A\u00e7o &#8211; Espa\u00e7o Cultural com 8 mil m\u00b2, abriga museu e biblioteca.<\/p>\n<p style=\"text-align: left;\"><strong>Endere\u00e7o<\/strong><br \/>\nAv Roberto Burle Marx, s\/n<br \/>\nJd Panorama &#8211;\u00a0Ipatinga &#8211; MG<br \/>\nCEP: 35.164-327<br \/>\nTel: (31) 3829-8563<\/p>\n<p style=\"text-align: left;\"><a href=\"https:\/\/www.google.com.br\/maps\/place\/Parque+Ipanema,+Ipatinga+-+MG\/data=!4m2!3m1!1s0xb0003b4d3def2b:0xe71d93267cad72d5?sa=X&amp;sqi=2&amp;ved=0CDoQ8gEwBmoVChMIrdShw7XExwIVxo-QCh3YDAV_\" target=\"_blank\">Clique aqui e veja no mapa<\/a><\/p>\n<h3><\/h3>\n<h3><\/h3>\n<h3><strong>Parque das Cachoeiras<br \/>\n<a href=\"http:\/\/www.residenciallafontaine.com.br\/site\/wp-content\/uploads\/2015\/08\/Selcionada2.jpg\"><img loading=\"lazy\" class=\"alignnone wp-image-344\" src=\"http:\/\/www.residenciallafontaine.com.br\/site\/wp-content\/uploads\/2015\/08\/Selcionada2.jpg\" alt=\"ipatinga-parque-das-cachoeiras-opy-imagens-1\" width=\"557\" height=\"418\" \/><\/a><\/strong><\/h3>\n<p>Toda a beleza e exuber\u00e2ncia da Natureza, o Parque das Cachoeiras, numa \u00e1rea de 5 milh\u00f5es de m\u00b2, possui trilhas de caminhada, quadras esportivas, \u00e1rea de Camping, restaurante e cachoeiras com piscinas naturais e artificiais.<\/p>\n<p style=\"text-align: left;\"><strong>Endere\u00e7o:<br \/>\n<\/strong>Estrada do Ipaneminha<br \/>\nDistante 10km do centro de Ipatinga.<\/p>\n<h3><strong>Feriados da cidade:<\/strong><\/h3>\n<p style=\"text-align: left;\">29\/04 &#8211; Anivers\u00e1rio da cidade de Ipatinga<br \/>\n15\/08 \u2013 Assun\u00e7\u00e3o de Nossa Senhora<\/p>\n","protected":false},"excerpt":{"rendered":"<p>Conhe\u00e7a um pouco mais da cidade de Ipatinga Parque Ipanema O Parque Ipanema possui pista para caminhadas, lago com ilha, cata-ventos, brinquedos, anfiteatro, 2 quadras poliesportivas, campos de futebol, pista de cooper, ciclovias e 4 quadras de peteca. \u00c1rea de 1 milh\u00e3o de m\u00b2 e mais de 12 mil \u00e1rvores plantadas. \u00c9 considerada uma das<\/p>\n","protected":false},"author":1,"featured_media":0,"parent":0,"menu_order":0,"comment_status":"closed","ping_status":"closed","template":"","meta":[],"_links":{"self":[{"href":"http:\/\/www.hotellafontaine.com.br\/site\/wp-json\/wp\/v2\/pages\/24"}],"collection":[{"href":"http:\/\/www.hotellafontaine.com.br\/site\/wp-json\/wp\/v2\/pages"}],"about":[{"href":"http:\/\/www.hotellafontaine.com.br\/site\/wp-json\/wp\/v2\/types\/page"}],"author":[{"embeddable":true,"href":"http:\/\/www.hotellafontaine.com.br\/site\/wp-json\/wp\/v2\/users\/1"}],"replies":[{"embeddable":true,"href":"http:\/\/www.hotellafontaine.com.br\/site\/wp-json\/wp\/v2\/comments?post=24"}],"version-history":[{"count":19,"href":"http:\/\/www.hotellafontaine.com.br\/site\/wp-json\/wp\/v2\/pages\/24\/revisions"}],"predecessor-version":[{"id":726,"href":"http:\/\/www.hotellafontaine.com.br\/site\/wp-json\/wp\/v2\/pages\/24\/revisions\/726"}],"wp:attachment":[{"href":"http:\/\/www.hotellafontaine.com.br\/site\/wp-json\/wp\/v2\/media?parent=24"}],"curies":[{"name":"wp","href":"https:\/\/api.w.org\/{rel}","templated":true}]}}