{"id":538,"date":"2016-03-04T13:35:12","date_gmt":"2016-03-04T13:35:12","guid":{"rendered":"http:\/\/www.residenciallafontaine.com.br\/site\/?page_id=538"},"modified":"2016-05-06T00:42:50","modified_gmt":"2016-05-06T00:42:50","slug":"bom-saber","status":"publish","type":"page","link":"http:\/\/www.hotellafontaine.com.br\/site\/bom-saber\/","title":{"rendered":"Bom saber"},"content":{"rendered":"<p style=\"text-align: justify;\"><strong>Entrada a partir das 12h.<\/strong><br \/>\n<strong> Sa\u00edda at\u00e9 as 12h.<\/strong><\/p>\n<p style=\"text-align: justify;\">Nossas di\u00e1rias s\u00e3o inclusas caf\u00e9 da manh\u00e3, internet wireless e garagem coberta. As fotos dos quartos podem diferir do aposento que voc\u00ea receber\u00e1;<\/p>\n<p style=\"text-align: justify;\"><strong>Cancelamento\/ pr\u00e9-pagamento<\/strong><br \/>\nAs condi\u00e7\u00f5es para cancelamento e pr\u00e9-pagamento variam de acordo com o tipo de hospedagem. Favor verifique a pol\u00edtica de cancelamentos junto ao hotel.<br \/>\nAltera\u00e7\u00e3o de datas e categorias de apartamentos<br \/>\nAs solicita\u00e7\u00f5es de altera\u00e7\u00e3o das datas das reservas devem ser feitas no prazo de 24 horas antes do dia inicial, do contr\u00e1rio ensejer\u00e1 multa equivalente a uma di\u00e1ria. Com rela\u00e7\u00e3o a altera\u00e7\u00e3o das categorias dos apartamentos, poder\u00e1 ocorrer, mediante disponibilidade e envio de e-mail no prazo de 24 horas antes do check-in, do contr\u00e1rio se manter\u00e1 a modalidade e o valor da di\u00e1ria referente a reserva original<\/p>\n<p style=\"text-align: justify;\"><strong>Crian\u00e7as<\/strong><br \/>\nCrian\u00e7a de 0\u00a0a 4 anos s\u00e3o cortesia do hotel, desde que ocupem a mesma habita\u00e7\u00e3o que os respons\u00e1veis. M\u00e1ximo de 1 crian\u00e7a por habita\u00e7\u00e3o;<br \/>\nConforme previsto no estatuto da crian\u00e7a e do adolescente, \u00e9 proibida a hospedagem, em hotel, de crian\u00e7a ou adolescente, salvo se autorizado, por escrito, pelos pais ou ainda acompanhado de respons\u00e1vel devidamente identificado, e com autoriza\u00e7\u00e3o por escrito. Lei 8.069\/90 arts. 82 e 250. \u00c9 recomend\u00e1vel tamb\u00e9m que mesmo as crian\u00e7as que estiverem acompanhadas de seus pais devem estar portando seus documentos: certid\u00e3o de nascimento, RG, etc&#8230;, para que n\u00e3o ocorram problemas no processo de hospedagem;<\/p>\n<p style=\"text-align: justify;\"><strong>Politicas de Early Check- in e Late Check-out<br \/>\n<\/strong>A partir das 7h ser\u00e1 cobrado 50% do valor da di\u00e1ria, conforme disponibilidade. Antes das 7h cobran\u00e7a do valor integral da di\u00e1ria . Sujeito \u00e0 disponibilidade.<br \/>\nAt\u00e9 as 18h00 cobran\u00e7a de 50% do valor da di\u00e1ria. Ap\u00f3s as 18h00 cobran\u00e7a do valor integral da di\u00e1ria. Sujeito \u00e0 disponibilidade.<\/p>\n<p style=\"text-align: justify;\"><strong>Formas de pagamento<\/strong><br \/>\nDinheiro, cart\u00e3o de d\u00e9bito ou cr\u00e9dito. N\u00e3o aceitamos cheques.<\/p>\n<p style=\"text-align: justify;\"><strong>Normas Gerais<\/strong><br \/>\n\u2022 As chaves dos apartamentos devem ser entregue na recep\u00e7\u00e3o sempre que se ausentar do hotel;<br \/>\n\u2022 Ap\u00f3s \u00e0s 22h00 deve-se manter o sil\u00eancio para o bem-estar de todos;<br \/>\n\u2022 Caso o acompanhante permane\u00e7a mais de 10 (dez) minutos no apartamento, ser\u00e1 cobrado uma di\u00e1ria extra;<br \/>\n\u2022 O La Fontaine n\u00e3o se responsabiliza por nenhum objeto de valor deixado ou esquecido em suas depend\u00eancias;<br \/>\n\u2022 Quaisquer danos causado a objetos, utens\u00edlios ou estrutura f\u00edsica do La Fontaine ser\u00e1 de responsabilidade do h\u00f3spede e seu (s) acompanhante (s);<br \/>\n\u2022 O Hotel possui cofre, por isto objetos de valor devem ser guardados no mesmo. O hotel n\u00e3o se responsabiliza por valores ou objetos deixados nos apartamentos;<br \/>\n\u2022 Ao sair do apartamento, desligar luzes, ventiladores, ar-condicionados. A voltagem \u00e9 de 110v;<br \/>\n\u2022 O Hotel n\u00e3o permite animais de qualquer esp\u00e9cie em suas depend\u00eancias.<\/p>\n<p style=\"text-align: justify;\"><strong>Responsabilidades<\/strong><br \/>\nO Hotel n\u00e3o se responsabiliza pelo n\u00e3o cumprimento ou cumprimento inadequado da reserva nos casos de for\u00e7a maior, a\u00e7\u00f5es de terceiros, a\u00e7\u00f5es do cliente ou de seus parceiros, como indisponibilidade da rede de Internet, inacessibilidade do site, intrus\u00e3o externa, v\u00edrus de computador, ou nos casos de defeitos dos servi\u00e7os disponibilizados pelo hotel(sinal da televis\u00e3o, funcionamento da lavanderia; funcionamento dos telefones(liga\u00e7\u00e3o externa) dos apartamentos.<br \/>\nO Hotel n\u00e3o \u00e9 respons\u00e1vel junto ao cliente em caso de n\u00e3o execu\u00e7\u00e3o de suas obriga\u00e7\u00f5es decorrente de um evento de for\u00e7a maior. S\u00e3o considerados como for\u00e7a maior ou caso fortuito aqueles geralmente reconhecidos pela legisla\u00e7\u00e3o brasileira. Os h\u00f3spedes assinam a concord\u00e2ncia com estes termos, no ato da reserva, independentemente de assinatura de contrato.<\/p>\n","protected":false},"excerpt":{"rendered":"<p>Entrada a partir das 12h. Sa\u00edda at\u00e9 as 12h. Nossas di\u00e1rias s\u00e3o inclusas caf\u00e9 da manh\u00e3, internet wireless e garagem coberta. As fotos dos quartos podem diferir do aposento que voc\u00ea receber\u00e1; Cancelamento\/ pr\u00e9-pagamento As condi\u00e7\u00f5es para cancelamento e pr\u00e9-pagamento variam de acordo com o tipo de hospedagem. Favor verifique a pol\u00edtica de cancelamentos junto<\/p>\n","protected":false},"author":1,"featured_media":0,"parent":0,"menu_order":0,"comment_status":"closed","ping_status":"closed","template":"","meta":[],"_links":{"self":[{"href":"http:\/\/www.hotellafontaine.com.br\/site\/wp-json\/wp\/v2\/pages\/538"}],"collection":[{"href":"http:\/\/www.hotellafontaine.com.br\/site\/wp-json\/wp\/v2\/pages"}],"about":[{"href":"http:\/\/www.hotellafontaine.com.br\/site\/wp-json\/wp\/v2\/types\/page"}],"author":[{"embeddable":true,"href":"http:\/\/www.hotellafontaine.com.br\/site\/wp-json\/wp\/v2\/users\/1"}],"replies":[{"embeddable":true,"href":"http:\/\/www.hotellafontaine.com.br\/site\/wp-json\/wp\/v2\/comments?post=538"}],"version-history":[{"count":7,"href":"http:\/\/www.hotellafontaine.com.br\/site\/wp-json\/wp\/v2\/pages\/538\/revisions"}],"predecessor-version":[{"id":659,"href":"http:\/\/www.hotellafontaine.com.br\/site\/wp-json\/wp\/v2\/pages\/538\/revisions\/659"}],"wp:attachment":[{"href":"http:\/\/www.hotellafontaine.com.br\/site\/wp-json\/wp\/v2\/media?parent=538"}],"curies":[{"name":"wp","href":"https:\/\/api.w.org\/{rel}","templated":true}]}}