{"id":13,"date":"2015-08-25T12:11:37","date_gmt":"2015-08-25T12:11:37","guid":{"rendered":"http:\/\/www.residenciallafontaine.com.br\/site\/accommodations\/"},"modified":"2016-04-13T12:22:55","modified_gmt":"2016-04-13T12:22:55","slug":"acomodacoes-hotel-la-fontaine","status":"publish","type":"page","link":"https:\/\/www.hotellafontaine.com.br\/site\/acomodacoes-hotel-la-fontaine\/","title":{"rendered":"Acomoda\u00e7\u00f5es"},"content":{"rendered":"<p><span style=\"color: #ffffff;\">Acomoda\u00e7\u00f5es<\/span><\/p>\n<p>Um novo conceito de hotel :\u00a0 <strong>HOTEL LA FONTAINE<\/strong><\/p>\n<p>A praticidade que voc\u00ea busca com o aconchego e requinte da sua casa. Apartamentos no tamanho exato de sua necessidade com servi\u00e7os exclusivos, numa localiza\u00e7\u00e3o privilegiada.<\/p>\n<p>Nossas di\u00e1rias s\u00e3o inclusas caf\u00e9 da manh\u00e3, internet wireless e garagem coberta, al\u00e9m de todos os servi\u00e7os, conveni\u00eancias e \u00e1reas de lazer do hotel.<\/p>\n<ul class=\"accommodation-listing clearfix\">\r\n\t\t\t<li class=\"col\">\r\n\t\t\t<a href=\"https:\/\/www.hotellafontaine.com.br\/site\/accommodation\/luxo-single\/\" rel=\"bookmark\" title=\"Apartamento Luxo Single com Varanda\">\r\n\t\t\t\t\t\t\t\t\t<img src=\"https:\/\/www.hotellafontaine.com.br\/site\/wp-content\/uploads\/2016\/01\/apto-master2-e1462996338108-700x479.jpg\" alt=\"\" class=\"accommodation-thumb\" \/>\r\n\t\t\t\t\t\t\t<\/a>\r\n\t\t\t<h3 class=\"title-style1\">\r\n\t\t\t\t<a href=\"https:\/\/www.hotellafontaine.com.br\/site\/accommodation\/luxo-single\/\" rel=\"bookmark\" title=\"Apartamento Luxo Single com Varanda\">Apartamento Luxo Single com Varanda<\/a>\r\n\t\t\t\t<span class=\"title-block\"><\/span>\r\n\t\t\t<\/h3>\r\n\t\t\t\r\n\t\t\t<ul class=\"no-style-list\">\r\n\t\t\t\t\t\t\t\t\t\t\t\t\t\t\t\t\t<li>\r\n\t\t\t\t\t\t<strong>Ocupa\u00e7\u00e3o m\u00e1xima:<\/strong> 1\t\t\t\t\t<\/li>\r\n\t\t\t\t\t\t\t\t\t\t\t\t\t<li>\r\n\t\t\t\t\t\t<strong>Tamanho:<\/strong> 72m\u00b2\t\t\t\t\t<\/li>\r\n\t\t\t\t\t\t\t\t\t\t\t\t\t<li>\r\n\t\t\t\t\t\t<strong>Vista:<\/strong> Varanda com vista para o elegante Bairro Cidade Nobre\t\t\t\t\t<\/li>\r\n\t\t\t\t\t\t\t\t\t\t\t\t\t<li>\r\n\t\t\t\t\t\t<strong>Valores a partir de:<\/strong> R$250\t\t\t\t\t<\/li>\r\n\t\t\t\t\t\t\t<\/ul>\r\n\t\t\t\r\n\t\t\t<a href=\"https:\/\/www.hotellafontaine.com.br\/site\/accommodation\/luxo-single\/\" class=\"button1 button-space1\">Detalhes do Quarto<\/a>\r\n\t\t\t\t\t\t<a class=\"button2\" href=\"https:\/\/www.hotellafontaine.com.br\/site\/booking-step-1\/?highlight=485\">Ver Disponibilidade<\/a>\r\n\t\t\t\t\t<\/li>\r\n\t\t\t<li class=\"col\">\r\n\t\t\t<a href=\"https:\/\/www.hotellafontaine.com.br\/site\/accommodation\/luxo-casal\/\" rel=\"bookmark\" title=\"Apartamento Luxo Casal com Varanda\">\r\n\t\t\t\t\t\t\t\t\t<img src=\"https:\/\/www.hotellafontaine.com.br\/site\/wp-content\/uploads\/2016\/01\/apto-luxo-casal.jpg\" alt=\"\" class=\"accommodation-thumb\" \/>\r\n\t\t\t\t\t\t\t<\/a>\r\n\t\t\t<h3 class=\"title-style1\">\r\n\t\t\t\t<a href=\"https:\/\/www.hotellafontaine.com.br\/site\/accommodation\/luxo-casal\/\" rel=\"bookmark\" title=\"Apartamento Luxo Casal com Varanda\">Apartamento Luxo Casal com Varanda<\/a>\r\n\t\t\t\t<span class=\"title-block\"><\/span>\r\n\t\t\t<\/h3>\r\n\t\t\t\r\n\t\t\t<ul class=\"no-style-list\">\r\n\t\t\t\t\t\t\t\t\t\t\t\t\t\t\t\t\t<li>\r\n\t\t\t\t\t\t<strong>Ocupa\u00e7\u00e3o m\u00e1xima:<\/strong> 2\t\t\t\t\t<\/li>\r\n\t\t\t\t\t\t\t\t\t\t\t\t\t<li>\r\n\t\t\t\t\t\t<strong>Tamanho:<\/strong> 72m\u00b2\t\t\t\t\t<\/li>\r\n\t\t\t\t\t\t\t\t\t\t\t\t\t<li>\r\n\t\t\t\t\t\t<strong>Vista:<\/strong> Varanda com vista para o elegante Bairro Cidade Nobre.\t\t\t\t\t<\/li>\r\n\t\t\t\t\t\t\t\t\t\t\t\t\t<li>\r\n\t\t\t\t\t\t<strong>Valores a partir de:<\/strong> R$285\t\t\t\t\t<\/li>\r\n\t\t\t\t\t\t\t<\/ul>\r\n\t\t\t\r\n\t\t\t<a href=\"https:\/\/www.hotellafontaine.com.br\/site\/accommodation\/luxo-casal\/\" class=\"button1 button-space1\">Detalhes do Quarto<\/a>\r\n\t\t\t\t\t\t<a class=\"button2\" href=\"https:\/\/www.hotellafontaine.com.br\/site\/booking-step-1\/?highlight=484\">Ver Disponibilidade<\/a>\r\n\t\t\t\t\t<\/li>\r\n\t\t\t<li class=\"col\">\r\n\t\t\t<a href=\"https:\/\/www.hotellafontaine.com.br\/site\/accommodation\/economic-duplo\/\" rel=\"bookmark\" title=\"Apartamento Economic  Duplo 2 Quartos\">\r\n\t\t\t\t\t\t\t\t\t<img src=\"https:\/\/www.hotellafontaine.com.br\/site\/wp-content\/uploads\/2016\/02\/apto-triplo-e1462996347642-700x479.jpg\" alt=\"\" class=\"accommodation-thumb\" \/>\r\n\t\t\t\t\t\t\t<\/a>\r\n\t\t\t<h3 class=\"title-style1\">\r\n\t\t\t\t<a href=\"https:\/\/www.hotellafontaine.com.br\/site\/accommodation\/economic-duplo\/\" rel=\"bookmark\" title=\"Apartamento Economic  Duplo 2 Quartos\">Apartamento Economic  Duplo 2 Quartos<\/a>\r\n\t\t\t\t<span class=\"title-block\"><\/span>\r\n\t\t\t<\/h3>\r\n\t\t\t\r\n\t\t\t<ul class=\"no-style-list\">\r\n\t\t\t\t\t\t\t\t\t\t\t\t\t<li>\r\n\t\t\t\t\t\t<strong>N\u00famero de dormit\u00f3rios:<\/strong> 2\t\t\t\t\t<\/li>\r\n\t\t\t\t\t\t\t\t\t\t\t\t\t<li>\r\n\t\t\t\t\t\t<strong>Ocupa\u00e7\u00e3o m\u00e1xima:<\/strong> 2\t\t\t\t\t<\/li>\r\n\t\t\t\t\t\t\t\t\t\t\t\t\t<li>\r\n\t\t\t\t\t\t<strong>Tamanho:<\/strong> 72m\u00b2\t\t\t\t\t<\/li>\r\n\t\t\t\t\t\t\t\t\t\t\t\t\t<li>\r\n\t\t\t\t\t\t<strong>Vista:<\/strong> Varanda com vista para o elegante Bairro Cidade Nobre\t\t\t\t\t<\/li>\r\n\t\t\t\t\t\t\t\t\t\t\t\t\t<li>\r\n\t\t\t\t\t\t<strong>Valores a partir de:<\/strong> R$290\t\t\t\t\t<\/li>\r\n\t\t\t\t\t\t\t<\/ul>\r\n\t\t\t\r\n\t\t\t<a href=\"https:\/\/www.hotellafontaine.com.br\/site\/accommodation\/economic-duplo\/\" class=\"button1 button-space1\">Detalhes do Quarto<\/a>\r\n\t\t\t\t\t\t<a class=\"button2\" href=\"https:\/\/www.hotellafontaine.com.br\/site\/booking-step-1\/?highlight=487\">Ver Disponibilidade<\/a>\r\n\t\t\t\t\t<\/li>\r\n\t\t\t<li class=\"col\">\r\n\t\t\t<a href=\"https:\/\/www.hotellafontaine.com.br\/site\/accommodation\/master-duplo\/\" rel=\"bookmark\" title=\"Apartamento Master Duplo 2 Quartos\">\r\n\t\t\t\t\t\t\t\t\t<img src=\"https:\/\/www.hotellafontaine.com.br\/site\/wp-content\/uploads\/2016\/02\/apto-quadruplo-e1462996328298-700x479.jpg\" alt=\"\" class=\"accommodation-thumb\" \/>\r\n\t\t\t\t\t\t\t<\/a>\r\n\t\t\t<h3 class=\"title-style1\">\r\n\t\t\t\t<a href=\"https:\/\/www.hotellafontaine.com.br\/site\/accommodation\/master-duplo\/\" rel=\"bookmark\" title=\"Apartamento Master Duplo 2 Quartos\">Apartamento Master Duplo 2 Quartos<\/a>\r\n\t\t\t\t<span class=\"title-block\"><\/span>\r\n\t\t\t<\/h3>\r\n\t\t\t\r\n\t\t\t<ul class=\"no-style-list\">\r\n\t\t\t\t\t\t\t\t\t\t\t\t\t<li>\r\n\t\t\t\t\t\t<strong>N\u00famero de dormit\u00f3rios:<\/strong> 2\t\t\t\t\t<\/li>\r\n\t\t\t\t\t\t\t\t\t\t\t\t\t<li>\r\n\t\t\t\t\t\t<strong>Ocupa\u00e7\u00e3o m\u00e1xima:<\/strong> 2\t\t\t\t\t<\/li>\r\n\t\t\t\t\t\t\t\t\t\t\t\t\t<li>\r\n\t\t\t\t\t\t<strong>Tamanho:<\/strong> 72m\u00b2\t\t\t\t\t<\/li>\r\n\t\t\t\t\t\t\t\t\t\t\t\t\t<li>\r\n\t\t\t\t\t\t<strong>Vista:<\/strong> Varanda com vista para o elegante Bairro Cidade Nobre\t\t\t\t\t<\/li>\r\n\t\t\t\t\t\t\t\t\t\t\t\t\t<li>\r\n\t\t\t\t\t\t<strong>Valores a partir de:<\/strong> R$350\t\t\t\t\t<\/li>\r\n\t\t\t\t\t\t\t<\/ul>\r\n\t\t\t\r\n\t\t\t<a href=\"https:\/\/www.hotellafontaine.com.br\/site\/accommodation\/master-duplo\/\" class=\"button1 button-space1\">Detalhes do Quarto<\/a>\r\n\t\t\t\t\t\t<a class=\"button2\" href=\"https:\/\/www.hotellafontaine.com.br\/site\/booking-step-1\/?highlight=488\">Ver Disponibilidade<\/a>\r\n\t\t\t\t\t<\/li>\r\n\t\t\t<li class=\"col\">\r\n\t\t\t<a href=\"https:\/\/www.hotellafontaine.com.br\/site\/accommodation\/apartamento-triplo-2-quartos\/\" rel=\"bookmark\" title=\"Apartamento Triplo 2 Quartos\">\r\n\t\t\t\t\t\t\t\t\t<img src=\"https:\/\/www.hotellafontaine.com.br\/site\/wp-content\/uploads\/2016\/04\/Apartamento-Triplo-2-Quartos-e1462996049858-700x479.jpg\" alt=\"\" class=\"accommodation-thumb\" \/>\r\n\t\t\t\t\t\t\t<\/a>\r\n\t\t\t<h3 class=\"title-style1\">\r\n\t\t\t\t<a href=\"https:\/\/www.hotellafontaine.com.br\/site\/accommodation\/apartamento-triplo-2-quartos\/\" rel=\"bookmark\" title=\"Apartamento Triplo 2 Quartos\">Apartamento Triplo 2 Quartos<\/a>\r\n\t\t\t\t<span class=\"title-block\"><\/span>\r\n\t\t\t<\/h3>\r\n\t\t\t\r\n\t\t\t<ul class=\"no-style-list\">\r\n\t\t\t\t\t\t\t\t\t\t\t\t\t<li>\r\n\t\t\t\t\t\t<strong>N\u00famero de dormit\u00f3rios:<\/strong> 2\t\t\t\t\t<\/li>\r\n\t\t\t\t\t\t\t\t\t\t\t\t\t<li>\r\n\t\t\t\t\t\t<strong>Ocupa\u00e7\u00e3o m\u00e1xima:<\/strong> 3\t\t\t\t\t<\/li>\r\n\t\t\t\t\t\t\t\t\t\t\t\t\t<li>\r\n\t\t\t\t\t\t<strong>Tamanho:<\/strong> 72m\u00b2\t\t\t\t\t<\/li>\r\n\t\t\t\t\t\t\t\t\t\t\t\t\t<li>\r\n\t\t\t\t\t\t<strong>Vista:<\/strong> Varanda com vista para o elegante Bairro Cidade Nobre\t\t\t\t\t<\/li>\r\n\t\t\t\t\t\t\t\t\t\t\t\t\t<li>\r\n\t\t\t\t\t\t<strong>Valores a partir de:<\/strong> R$380\t\t\t\t\t<\/li>\r\n\t\t\t\t\t\t\t<\/ul>\r\n\t\t\t\r\n\t\t\t<a href=\"https:\/\/www.hotellafontaine.com.br\/site\/accommodation\/apartamento-triplo-2-quartos\/\" class=\"button1 button-space1\">Detalhes do Quarto<\/a>\r\n\t\t\t\t\t\t<a class=\"button2\" href=\"https:\/\/www.hotellafontaine.com.br\/site\/booking-step-1\/?highlight=579\">Ver Disponibilidade<\/a>\r\n\t\t\t\t\t<\/li>\r\n\t\t\t<li class=\"col\">\r\n\t\t\t<a href=\"https:\/\/www.hotellafontaine.com.br\/site\/accommodation\/apartamento-quadruplo-2-quartos\/\" rel=\"bookmark\" title=\"Apartamento Qu\u00e1druplo 2 Quartos\">\r\n\t\t\t\t\t\t\t\t\t<img src=\"https:\/\/www.hotellafontaine.com.br\/site\/wp-content\/uploads\/2016\/04\/Apartamento-Quadruplo-2-Quartos-1-e1462995895689-700x479.jpg\" alt=\"\" class=\"accommodation-thumb\" \/>\r\n\t\t\t\t\t\t\t<\/a>\r\n\t\t\t<h3 class=\"title-style1\">\r\n\t\t\t\t<a href=\"https:\/\/www.hotellafontaine.com.br\/site\/accommodation\/apartamento-quadruplo-2-quartos\/\" rel=\"bookmark\" title=\"Apartamento Qu\u00e1druplo 2 Quartos\">Apartamento Qu\u00e1druplo 2 Quartos<\/a>\r\n\t\t\t\t<span class=\"title-block\"><\/span>\r\n\t\t\t<\/h3>\r\n\t\t\t\r\n\t\t\t<ul class=\"no-style-list\">\r\n\t\t\t\t\t\t\t\t\t\t\t\t\t<li>\r\n\t\t\t\t\t\t<strong>N\u00famero de dormit\u00f3rios:<\/strong> 2\t\t\t\t\t<\/li>\r\n\t\t\t\t\t\t\t\t\t\t\t\t\t<li>\r\n\t\t\t\t\t\t<strong>Ocupa\u00e7\u00e3o m\u00e1xima:<\/strong> 4\t\t\t\t\t<\/li>\r\n\t\t\t\t\t\t\t\t\t\t\t\t\t<li>\r\n\t\t\t\t\t\t<strong>Tamanho:<\/strong> 72m\u00b2\t\t\t\t\t<\/li>\r\n\t\t\t\t\t\t\t\t\t\t\t\t\t<li>\r\n\t\t\t\t\t\t<strong>Vista:<\/strong> Varanda com vista para o elegante Bairro Cidade Nobre\t\t\t\t\t<\/li>\r\n\t\t\t\t\t\t\t\t\t\t\t\t\t<li>\r\n\t\t\t\t\t\t<strong>Valores a partir de:<\/strong> R$450\t\t\t\t\t<\/li>\r\n\t\t\t\t\t\t\t<\/ul>\r\n\t\t\t\r\n\t\t\t<a href=\"https:\/\/www.hotellafontaine.com.br\/site\/accommodation\/apartamento-quadruplo-2-quartos\/\" class=\"button1 button-space1\">Detalhes do Quarto<\/a>\r\n\t\t\t\t\t\t<a class=\"button2\" href=\"https:\/\/www.hotellafontaine.com.br\/site\/booking-step-1\/?highlight=582\">Ver Disponibilidade<\/a>\r\n\t\t\t\t\t<\/li>\r\n\t<\/ul>\r\n\r\n\r\n\n","protected":false},"excerpt":{"rendered":"<p>Acomoda\u00e7\u00f5es Um novo conceito de hotel :\u00a0 HOTEL LA FONTAINE A praticidade que voc\u00ea busca com o aconchego e requinte da sua casa. Apartamentos no tamanho exato de sua necessidade com servi\u00e7os exclusivos, numa localiza\u00e7\u00e3o privilegiada. Nossas di\u00e1rias s\u00e3o inclusas caf\u00e9 da manh\u00e3, internet wireless e garagem coberta, al\u00e9m de todos os servi\u00e7os, conveni\u00eancias e<\/p>\n","protected":false},"author":1,"featured_media":0,"parent":0,"menu_order":0,"comment_status":"closed","ping_status":"closed","template":"page-templates\/template-full-width.php","meta":[],"_links":{"self":[{"href":"https:\/\/www.hotellafontaine.com.br\/site\/wp-json\/wp\/v2\/pages\/13"}],"collection":[{"href":"https:\/\/www.hotellafontaine.com.br\/site\/wp-json\/wp\/v2\/pages"}],"about":[{"href":"https:\/\/www.hotellafontaine.com.br\/site\/wp-json\/wp\/v2\/types\/page"}],"author":[{"embeddable":true,"href":"https:\/\/www.hotellafontaine.com.br\/site\/wp-json\/wp\/v2\/users\/1"}],"replies":[{"embeddable":true,"href":"https:\/\/www.hotellafontaine.com.br\/site\/wp-json\/wp\/v2\/comments?post=13"}],"version-history":[{"count":13,"href":"https:\/\/www.hotellafontaine.com.br\/site\/wp-json\/wp\/v2\/pages\/13\/revisions"}],"predecessor-version":[{"id":656,"href":"https:\/\/www.hotellafontaine.com.br\/site\/wp-json\/wp\/v2\/pages\/13\/revisions\/656"}],"wp:attachment":[{"href":"https:\/\/www.hotellafontaine.com.br\/site\/wp-json\/wp\/v2\/media?parent=13"}],"curies":[{"name":"wp","href":"https:\/\/api.w.org\/{rel}","templated":true}]}}