{"id":16,"date":"2015-08-25T12:18:45","date_gmt":"2015-08-25T12:18:45","guid":{"rendered":"http:\/\/www.residenciallafontaine.com.br\/site\/?page_id=16"},"modified":"2016-04-13T12:24:31","modified_gmt":"2016-04-13T12:24:31","slug":"o-hotel-la-fontaine","status":"publish","type":"page","link":"https:\/\/www.hotellafontaine.com.br\/site\/o-hotel-la-fontaine\/","title":{"rendered":"O Hotel La Fontaine"},"content":{"rendered":"<p>Buscando constantemente o prazer e o bem-estar de seus h\u00f3spedes, o Hotel La Fontaine oferece a voc\u00ea espa\u00e7os confort\u00e1veis, proporcionando uma estadia agrad\u00e1vel e tranquila, adequada \u00e0s suas necessidades e conveni\u00eancias. A estrutura do apart-hotel est\u00e1 comparada aos melhores hot\u00e9is da categoria das grandes regi\u00f5es metropolitanas.<\/p>\n<p><a href=\"http:\/\/www.residenciallafontaine.com.br\/site\/wp-content\/uploads\/2015\/08\/secao-o-hotel.jpg\"><img loading=\"lazy\" class=\"alignnone wp-image-378 size-full\" src=\"http:\/\/www.residenciallafontaine.com.br\/site\/wp-content\/uploads\/2015\/08\/secao-o-hotel.jpg\" alt=\"o-hotel-la-fontaine\" width=\"1000\" height=\"634\" srcset=\"https:\/\/www.hotellafontaine.com.br\/site\/wp-content\/uploads\/2015\/08\/secao-o-hotel.jpg 1000w, https:\/\/www.hotellafontaine.com.br\/site\/wp-content\/uploads\/2015\/08\/secao-o-hotel-300x190.jpg 300w, https:\/\/www.hotellafontaine.com.br\/site\/wp-content\/uploads\/2015\/08\/secao-o-hotel-100x63.jpg 100w\" sizes=\"(max-width: 1000px) 100vw, 1000px\" \/><\/a><\/p>\n<p>Pautado em um atendimento hoteleiro eficiente, honesto e transparente, os profissionais do Hotel La Fontaine s\u00e3o qualificados para atende-lo em todas as suas d\u00favidas.<\/p>\n<p>Nossa arquitetura imponente, privilegia os espa\u00e7os vivenciais, oferecendo ambientes amplos e higienizados, mantendo a qualidade da oferta de servi\u00e7os para t\u00ea-lo sempre com a gente.<\/p>\n<p>O apart-hotel \u00e9 mais uma excelente op\u00e7\u00e3o para voc\u00ea que deseja espa\u00e7os amplos, bem decorados, sem abrir m\u00e3o da praticidade e de uma excelente rela\u00e7\u00e3o custo x benef\u00edcio, onde voc\u00ea encontra o conforto de sua resid\u00eancia somado \u00e0 comodidade de um hotel.<\/p>\n<p>Muito bem localizado, o entorno oferece uma s\u00e9rie de conveni\u00eancias e facilidades para suas necessidades.<\/p>\n<p>Seja a neg\u00f3cio ou lazer, o Hotel La Fontaine proporciona a seus h\u00f3spedes conforto, atendimento personalizado, deixando sua estadia ainda mais agrad\u00e1vel.<\/p>\n<p>Venha nos fazer uma visita, ser\u00e1 um prazer t\u00ea-lo como nosso h\u00f3spede.<\/p>\n<p>&nbsp;<\/p>\n<p>Seja sempre bem vindo!<\/p>\n<p>Hotel La Fontaine<\/p>\n","protected":false},"excerpt":{"rendered":"<p>Buscando constantemente o prazer e o bem-estar de seus h\u00f3spedes, o Hotel La Fontaine oferece a voc\u00ea espa\u00e7os confort\u00e1veis, proporcionando uma estadia agrad\u00e1vel e tranquila, adequada \u00e0s suas necessidades e conveni\u00eancias. A estrutura do apart-hotel est\u00e1 comparada aos melhores hot\u00e9is da categoria das grandes regi\u00f5es metropolitanas. Pautado em um atendimento hoteleiro eficiente, honesto e transparente,<\/p>\n","protected":false},"author":1,"featured_media":0,"parent":0,"menu_order":0,"comment_status":"closed","ping_status":"closed","template":"","meta":[],"_links":{"self":[{"href":"https:\/\/www.hotellafontaine.com.br\/site\/wp-json\/wp\/v2\/pages\/16"}],"collection":[{"href":"https:\/\/www.hotellafontaine.com.br\/site\/wp-json\/wp\/v2\/pages"}],"about":[{"href":"https:\/\/www.hotellafontaine.com.br\/site\/wp-json\/wp\/v2\/types\/page"}],"author":[{"embeddable":true,"href":"https:\/\/www.hotellafontaine.com.br\/site\/wp-json\/wp\/v2\/users\/1"}],"replies":[{"embeddable":true,"href":"https:\/\/www.hotellafontaine.com.br\/site\/wp-json\/wp\/v2\/comments?post=16"}],"version-history":[{"count":9,"href":"https:\/\/www.hotellafontaine.com.br\/site\/wp-json\/wp\/v2\/pages\/16\/revisions"}],"predecessor-version":[{"id":1069,"href":"https:\/\/www.hotellafontaine.com.br\/site\/wp-json\/wp\/v2\/pages\/16\/revisions\/1069"}],"wp:attachment":[{"href":"https:\/\/www.hotellafontaine.com.br\/site\/wp-json\/wp\/v2\/media?parent=16"}],"curies":[{"name":"wp","href":"https:\/\/api.w.org\/{rel}","templated":true}]}}