{"id":18,"date":"2015-08-25T12:22:18","date_gmt":"2015-08-25T12:22:18","guid":{"rendered":"http:\/\/www.residenciallafontaine.com.br\/site\/?page_id=18"},"modified":"2016-04-13T12:25:19","modified_gmt":"2016-04-13T12:25:19","slug":"eventos-hotel-la-fontaine","status":"publish","type":"page","link":"https:\/\/www.hotellafontaine.com.br\/site\/eventos-hotel-la-fontaine\/","title":{"rendered":"Eventos Hotel La Fontaine"},"content":{"rendered":"<p><strong><a href=\"http:\/\/www.residenciallafontaine.com.br\/site\/wp-content\/uploads\/2015\/08\/Espa\u00e7o-La-Fontaine-26-1.jpg\" rel=\"attachment wp-att-610\"><img loading=\"lazy\" class=\"alignnone wp-image-610 size-full\" src=\"http:\/\/www.residenciallafontaine.com.br\/site\/wp-content\/uploads\/2015\/08\/Espa\u00e7o-La-Fontaine-26-1.jpg\" alt=\"Eventos-la-fontaine\" width=\"700\" height=\"308\" \/><\/a><\/strong><\/p>\n<p>&nbsp;<\/p>\n<p><strong>Estrutura<\/strong><\/p>\n<p>O Espa\u00e7o La Fontaine em Ipatinga possui uma excelente estrutura com sala climatizada com dois split 25.000 btu\u2019s, projetor multim\u00eddia com controle remoto e tela de proje\u00e7\u00e3o, laser point, microfone com e sem fio, headset, mesa de som, rede de alto falantes distribu\u00eddos em todo o audit\u00f3rio, trip\u00e9 para banner, cadeiras estofadas com ou sem bra\u00e7o, quadro branco com pincel e apagador, flip chart com folhas e canetas, internet wi-fi free, servi\u00e7o de coffee break, circuito interno de c\u00e2meras. Sal\u00e3o flex\u00edvel podendo ser reorganizado conforme sua necessidade.<\/p>\n<p>Pre\u00e7o, qualidade e conforto. Atinja seus objetivos com as facilidades que o Apart-Hotel La Fontaine oferece, contribuindo assim com o sucesso de seus eventos.<\/p>\n<p><em><strong>Capacidade para at\u00e9 80 pessoas.<\/strong><\/em><\/p>\n<p>&nbsp;<\/p>\n<table style=\"height: 134px; border-bottom-color: #000; border-right-color: #000;\" border=\"2\" width=\"100%\" cellspacing=\"2\" align=\"center\">\n<tbody>\n<tr>\n<td width=\"auto\"><strong>Sal\u00e3o<\/strong><\/td>\n<td width=\"auto\"><strong>\u00c1rea (m\u00b2)<\/strong><\/td>\n<td width=\"auto\"><strong>Metragem m\u00b2<\/strong><\/td>\n<td width=\"auto\"><strong>Audit\u00f3rio<\/strong><\/td>\n<td width=\"auto\"><strong>Espinha de peixe<\/strong><\/td>\n<td width=\"auto\"><strong>Escolar (Cadeiras c\/ bra\u00e7o)<\/strong><\/td>\n<td width=\"79\"><strong>&#8220;U&#8221;<\/strong><\/td>\n<\/tr>\n<tr>\n<td width=\"auto\"><strong>Espa\u00e7o La Fontaine<\/strong><\/td>\n<td width=\"auto\"><strong>93,00<\/strong><\/td>\n<td width=\"auto\"><strong>9,50 X 9,7<\/strong><\/td>\n<td width=\"auto\"><strong>80<\/strong><\/td>\n<td width=\"auto\"><strong>45<\/strong><\/td>\n<td width=\"auto\"><strong>80<\/strong><\/td>\n<td width=\"auto\"><strong>45<\/strong><\/td>\n<\/tr>\n<\/tbody>\n<\/table>\n<p>&nbsp;<\/p>\n<p>&nbsp;<\/p>\n<p><strong>Servi\u00e7os de Evento Avulsos:<\/strong><\/p>\n<ul>\n<li>Alimentos e Bebidas<\/li>\n<\/ul>\n<p>&nbsp;<\/p>\n<p><strong><em>Solicite seu or\u00e7amento<\/em><\/strong><\/p>\n<p>(31) 3828-8800<br \/>\n(31) 3823-3030<br \/>\n<a href=\"mailto:reservas@hotellafontaine.com.br\">reservas@hotellafontaine.com.br<\/a><\/p>\n<p>&nbsp;<\/p>\n<p>&nbsp;<\/p>\n","protected":false},"excerpt":{"rendered":"<p>&nbsp; Estrutura O Espa\u00e7o La Fontaine em Ipatinga possui uma excelente estrutura com sala climatizada com dois split 25.000 btu\u2019s, projetor multim\u00eddia com controle remoto e tela de proje\u00e7\u00e3o, laser point, microfone com e sem fio, headset, mesa de som, rede de alto falantes distribu\u00eddos em todo o audit\u00f3rio, trip\u00e9 para banner, cadeiras estofadas com<\/p>\n","protected":false},"author":1,"featured_media":0,"parent":0,"menu_order":0,"comment_status":"closed","ping_status":"closed","template":"","meta":[],"_links":{"self":[{"href":"https:\/\/www.hotellafontaine.com.br\/site\/wp-json\/wp\/v2\/pages\/18"}],"collection":[{"href":"https:\/\/www.hotellafontaine.com.br\/site\/wp-json\/wp\/v2\/pages"}],"about":[{"href":"https:\/\/www.hotellafontaine.com.br\/site\/wp-json\/wp\/v2\/types\/page"}],"author":[{"embeddable":true,"href":"https:\/\/www.hotellafontaine.com.br\/site\/wp-json\/wp\/v2\/users\/1"}],"replies":[{"embeddable":true,"href":"https:\/\/www.hotellafontaine.com.br\/site\/wp-json\/wp\/v2\/comments?post=18"}],"version-history":[{"count":45,"href":"https:\/\/www.hotellafontaine.com.br\/site\/wp-json\/wp\/v2\/pages\/18\/revisions"}],"predecessor-version":[{"id":657,"href":"https:\/\/www.hotellafontaine.com.br\/site\/wp-json\/wp\/v2\/pages\/18\/revisions\/657"}],"wp:attachment":[{"href":"https:\/\/www.hotellafontaine.com.br\/site\/wp-json\/wp\/v2\/media?parent=18"}],"curies":[{"name":"wp","href":"https:\/\/api.w.org\/{rel}","templated":true}]}}