{"id":20,"date":"2015-08-25T12:23:10","date_gmt":"2015-08-25T12:23:10","guid":{"rendered":"http:\/\/www.residenciallafontaine.com.br\/site\/?page_id=20"},"modified":"2016-05-12T17:42:59","modified_gmt":"2016-05-12T17:42:59","slug":"lazer","status":"publish","type":"page","link":"https:\/\/www.hotellafontaine.com.br\/site\/lazer\/","title":{"rendered":"Lazer"},"content":{"rendered":"<h2>Nas \u00e1reas de lazer do Hotel La Fontaine voc\u00ea poder\u00e1 relaxar.<\/h2>\n<p><strong>Sal\u00e3o de Jogos<\/strong><\/p>\n<p><a href=\"http:\/\/www.residenciallafontaine.com.br\/site\/wp-content\/uploads\/2015\/08\/SITE-ANTIGO-06-e1460127496329.jpg\" rel=\"attachment wp-att-612\"><img loading=\"lazy\" class=\"alignnone wp-image-612 size-full\" src=\"http:\/\/www.residenciallafontaine.com.br\/site\/wp-content\/uploads\/2015\/08\/SITE-ANTIGO-06-e1460127515906.jpg\" alt=\"lazer-sinuca\" width=\"692\" height=\"201\" srcset=\"https:\/\/www.hotellafontaine.com.br\/site\/wp-content\/uploads\/2015\/08\/SITE-ANTIGO-06-e1460127515906.jpg 692w, https:\/\/www.hotellafontaine.com.br\/site\/wp-content\/uploads\/2015\/08\/SITE-ANTIGO-06-e1460127515906-300x87.jpg 300w, https:\/\/www.hotellafontaine.com.br\/site\/wp-content\/uploads\/2015\/08\/SITE-ANTIGO-06-e1460127515906-100x29.jpg 100w\" sizes=\"(max-width: 692px) 100vw, 692px\" \/><\/a><\/p>\n<p>Integrado \u00e0 Sala de TV\/ V\u00eddeo, o Sal\u00e3o de Jogos torna-se o local prop\u00edcio para a divers\u00e3o. O grande atrativo do espa\u00e7o \u00e9 a mesa de sinuca\/ bilhar.<\/p>\n<p>&nbsp;<\/p>\n<p><strong>Fitness Center<\/strong><\/p>\n<p><img loading=\"lazy\" class=\"alignnone wp-image-335 size-full\" src=\"http:\/\/www.residenciallafontaine.com.br\/site\/wp-content\/uploads\/2015\/08\/academia.jpg\" alt=\"lazer-academia\" width=\"1000\" height=\"284\" srcset=\"https:\/\/www.hotellafontaine.com.br\/site\/wp-content\/uploads\/2015\/08\/academia.jpg 1000w, https:\/\/www.hotellafontaine.com.br\/site\/wp-content\/uploads\/2015\/08\/academia-300x85.jpg 300w, https:\/\/www.hotellafontaine.com.br\/site\/wp-content\/uploads\/2015\/08\/academia-100x28.jpg 100w\" sizes=\"(max-width: 1000px) 100vw, 1000px\" \/><\/p>\n<p>O hotel disponibiliza para h\u00f3spedes, dois ambientes preparados para a pr\u00e1tica de exerc\u00edcios f\u00edsicos. No andar PG do hotel, localiza-se o fitness center com esteiras, bicicletas e diversos aparelhos, sem custo adicional.<br \/>\nE para a sua maior conveni\u00eancia, voc\u00ea pode usufruir de mais uma op\u00e7\u00e3o para a pr\u00e1tica de exerc\u00edcios como gin\u00e1stica aer\u00f3bica e muscula\u00e7\u00e3o: a parceria do La Fontaine com a academia LM Sportes, localizada dentro do hotel, que oferece, al\u00e9m do acompanhamento de um Personal Trainer, descontos especiais para h\u00f3spedes.<\/p>\n<p>&nbsp;<\/p>\n<p><strong>Piscina<\/strong><\/p>\n<p><strong><img loading=\"lazy\" class=\"alignnone wp-image-334 size-full\" src=\"http:\/\/www.residenciallafontaine.com.br\/site\/wp-content\/uploads\/2015\/08\/piscina.jpg\" alt=\"lazer-piscina\" width=\"1000\" height=\"284\" srcset=\"https:\/\/www.hotellafontaine.com.br\/site\/wp-content\/uploads\/2015\/08\/piscina.jpg 1000w, https:\/\/www.hotellafontaine.com.br\/site\/wp-content\/uploads\/2015\/08\/piscina-300x85.jpg 300w, https:\/\/www.hotellafontaine.com.br\/site\/wp-content\/uploads\/2015\/08\/piscina-100x28.jpg 100w\" sizes=\"(max-width: 1000px) 100vw, 1000px\" \/><\/strong><\/p>\n<p>Uma \u00f3tima op\u00e7\u00e3o para relaxar\u00a0.<\/p>\n<p>&nbsp;<\/p>\n<p><strong>Quadra poliesportiva<\/strong><\/p>\n<p><a href=\"http:\/\/www.residenciallafontaine.com.br\/site\/wp-content\/uploads\/2015\/08\/quadra.jpg\"><img loading=\"lazy\" class=\"alignnone wp-image-337 size-full\" src=\"http:\/\/www.residenciallafontaine.com.br\/site\/wp-content\/uploads\/2015\/08\/quadra.jpg\" alt=\"lazer-quadra\" width=\"1000\" height=\"284\" srcset=\"https:\/\/www.hotellafontaine.com.br\/site\/wp-content\/uploads\/2015\/08\/quadra.jpg 1000w, https:\/\/www.hotellafontaine.com.br\/site\/wp-content\/uploads\/2015\/08\/quadra-300x85.jpg 300w, https:\/\/www.hotellafontaine.com.br\/site\/wp-content\/uploads\/2015\/08\/quadra-100x28.jpg 100w\" sizes=\"(max-width: 1000px) 100vw, 1000px\" \/><\/a><\/p>\n<p>Localizada junto \u00e0 piscina, oferece excelente infra-estrutura para a pr\u00e1tica de v\u00f4lei, peteca, al\u00e9m de um espa\u00e7o de divertimento para as crian\u00e7as andarem de bicicleta, patins e muito mais.<\/p>\n<p>&nbsp;<\/p>\n<p>&nbsp;<\/p>\n<p><em><strong>Hor\u00e1rio de Funcionamento da \u00e1rea de lazer:<\/strong><\/em><\/p>\n<p><em>Piscina, jogos e quadra das: 07h00 \u00e0s 22h00.<\/em><\/p>\n<p>&nbsp;<\/p>\n","protected":false},"excerpt":{"rendered":"<p>Nas \u00e1reas de lazer do Hotel La Fontaine voc\u00ea poder\u00e1 relaxar. Sal\u00e3o de Jogos Integrado \u00e0 Sala de TV\/ V\u00eddeo, o Sal\u00e3o de Jogos torna-se o local prop\u00edcio para a divers\u00e3o. O grande atrativo do espa\u00e7o \u00e9 a mesa de sinuca\/ bilhar. &nbsp; Fitness Center O hotel disponibiliza para h\u00f3spedes, dois ambientes preparados para a<\/p>\n","protected":false},"author":1,"featured_media":0,"parent":0,"menu_order":0,"comment_status":"closed","ping_status":"closed","template":"","meta":[],"_links":{"self":[{"href":"https:\/\/www.hotellafontaine.com.br\/site\/wp-json\/wp\/v2\/pages\/20"}],"collection":[{"href":"https:\/\/www.hotellafontaine.com.br\/site\/wp-json\/wp\/v2\/pages"}],"about":[{"href":"https:\/\/www.hotellafontaine.com.br\/site\/wp-json\/wp\/v2\/types\/page"}],"author":[{"embeddable":true,"href":"https:\/\/www.hotellafontaine.com.br\/site\/wp-json\/wp\/v2\/users\/1"}],"replies":[{"embeddable":true,"href":"https:\/\/www.hotellafontaine.com.br\/site\/wp-json\/wp\/v2\/comments?post=20"}],"version-history":[{"count":12,"href":"https:\/\/www.hotellafontaine.com.br\/site\/wp-json\/wp\/v2\/pages\/20\/revisions"}],"predecessor-version":[{"id":728,"href":"https:\/\/www.hotellafontaine.com.br\/site\/wp-json\/wp\/v2\/pages\/20\/revisions\/728"}],"wp:attachment":[{"href":"https:\/\/www.hotellafontaine.com.br\/site\/wp-json\/wp\/v2\/media?parent=20"}],"curies":[{"name":"wp","href":"https:\/\/api.w.org\/{rel}","templated":true}]}}