{"id":7,"date":"2015-08-25T12:11:37","date_gmt":"2015-08-25T12:11:37","guid":{"rendered":"http:\/\/www.residenciallafontaine.com.br\/site\/booking-step-1\/"},"modified":"2015-09-22T13:22:35","modified_gmt":"2015-09-22T13:22:35","slug":"booking-step-1","status":"publish","type":"page","link":"https:\/\/www.hotellafontaine.com.br\/site\/booking-step-1\/","title":{"rendered":"Reservas | Passo 1"},"content":{"rendered":"<script>var blocked = {}<\/script>\r\n<style>\r\n\t.booking-form-notice {\r\n\t\tdisplay: block;\r\n\t}\r\n<\/style>\r\n<style>\r\n\t#datepicker-loading-spinner {\r\n\t\ttext-align: center;\r\n\t\tfont-size: 13px;\r\n\t\theight: 60px;\r\n\t\tbackground: url('https:\/\/www.hotellafontaine.com.br\/site\/wp-content\/plugins\/quitenicebooking\/assets\/images\/calendar_loading.gif') no-repeat center bottom;\r\n\t}\r\n<\/style>\r\n<noscript>\r\n\t<style>\r\n\t\t.datepicker-key {\r\n\t\t\tdisplay: none;\r\n\t\t}\r\n\t<\/style>\r\n<\/noscript>\r\n<!-- BEGIN .booking-step-wrapper -->\r\n<div class=\"booking-step-wrapper clearfix\">\r\n\r\n\t<div class=\"step-wrapper\">\r\n\t\t<div class=\"step-icon-wrapper\">\r\n\t\t\t<div class=\"step-icon step-icon-current\">1.<\/div>\r\n\t\t<\/div>\r\n\t\t<div class=\"step-title\">Escolha a data<\/div>\r\n\t<\/div>\r\n\r\n\t<div class=\"step-wrapper\">\r\n\t\t<div class=\"step-icon-wrapper\">\r\n\t\t\t<div class=\"step-icon\">2.<\/div>\r\n\t\t<\/div>\r\n\t\t<div class=\"step-title\">Escolha sua acomoda\u00e7\u00e3o<\/div>\r\n\t<\/div>\r\n\r\n\t<div class=\"step-wrapper\">\r\n\t\t<div class=\"step-icon-wrapper\">\r\n\t\t\t<div class=\"step-icon\">3.<\/div>\r\n\t\t<\/div>\r\n\t\t<div class=\"step-title\">Dados da reserva<\/div>\r\n\t<\/div>\r\n\r\n\t<div class=\"step-wrapper last-col\">\r\n\t\t<div class=\"step-icon-wrapper\">\r\n\t\t\t<div class=\"step-icon\">4.<\/div>\r\n\t\t<\/div>\r\n\t\t<div class=\"step-title\">Confirma\u00e7\u00e3o<\/div>\r\n\t<\/div>\r\n\r\n\t<div class=\"step-line\"><\/div>\r\n\r\n<!-- END .booking-step-wrapper -->\r\n<\/div>\r\n\r\n<!-- BEGIN .booking-main-wrapper -->\r\n<div class=\"booking-main-wrapper\">\r\n\t\r\n\t<!-- BEGIN .booking-main -->\r\n\t<div class=\"booking-main\">\r\n\r\n\t\t<!-- BEGIN .booking-errors -->\r\n\t\t<noscript>\r\n\t\t\t<div class=\"dark-notice booking-form-notice\">\r\n\t\t\t\tAtive o JavaScript no seu navegador para uma experi\u00eancia de navega\u00e7\u00e3o otimizada\t\t\t<\/div>\r\n\t\t<\/noscript>\r\n\t\t\t\t<!-- END .booking-errors -->\r\n\t\t\r\n\t\t<div class=\"dark-notice calendar-notice\"><p>Por favor selecione as datas no calend\u00e1rio<\/p><\/div>\r\n\t\t\r\n\t\t<div id=\"open_datepicker\"><div id=\"datepicker-loading-spinner\">Por favor, aguarde; carregando as datas dispon\u00edveis ...<\/div><\/div>\r\n\t\t\r\n\t\t<div class=\"clearboth\"><\/div>\r\n\t\t\r\n\t\t<div class=\"datepicker-key clearfix\">\r\n\t\t\t\r\n\t\t\t<div class=\"key-unavailable-wrapper clearfix\">\r\n\t\t\t\t<div class=\"key-unavailable-icon\"><\/div>\r\n\t\t\t\t<div class=\"key-unavailable-text\">Indispon\u00edvel<\/div>\r\n\t\t\t<\/div>\r\n\t\t\t\r\n\t\t\t<div class=\"key-available-wrapper clearfix\">\r\n\t\t\t\t<div class=\"key-available-icon\"><\/div>\r\n\t\t\t\t<div class=\"key-available-text\">Dispon\u00edvel<\/div>\r\n\t\t\t<\/div>\r\n\t\t\t\r\n\t\t\t<div class=\"key-selected-wrapper clearfix\">\r\n\t\t\t\t<div class=\"key-selected-icon\"><\/div>\r\n\t\t\t\t<div class=\"key-selected-text\">Selecione as datas<\/div>\r\n\t\t\t<\/div>\r\n\t\t\t\r\n\t\t<\/div>\r\n\t\r\n\t<!-- END .booking-main -->\r\n\t<\/div>\r\n\r\n<!-- END .booking-main-wrapper -->\r\n<\/div>\r\n\r\n<!-- BEGIN .booking-side-wrapper -->\r\n<div class=\"booking-side-wrapper\">\r\n\t\r\n\t<!-- BEGIN .booking-side -->\r\n\t<div class=\"booking-side\">\r\n\t\r\n\t\t<h4 class=\"title-style4\">Sua reserva<span class=\"title-block\"><\/span><\/h4>\r\n\t\t\r\n\t\t<form class=\"booking-form\" action=\"https:\/\/www.hotellafontaine.com.br\/site\/booking-step-1\/\" method=\"POST\">\r\n\t\t\t\r\n\t\t\t<div class=\"clearfix\">\r\n\t\t\t\t\r\n\t\t\t\t<div class=\"one-half-form\">\r\n\t\t\t\t\t<label for=\"datefrom\">Entrada<\/label>\r\n\t\t\t\t\t<input name=\"room_all_checkin\" type=\"text\" id=\"datefrom\" size=\"10\" class=\"datepicker2\" value=\"\">\r\n\t\t\t\t<\/div>\r\n\t\t\t\r\n\t\t\t\t<div class=\"one-half-form last-col\">\r\n\t\t\t\t\t<label for=\"dateto\">Sa\u00edda<\/label>\r\n\t\t\t\t\t<input name=\"room_all_checkout\" type=\"text\" id=\"dateto\" size=\"10\" class=\"datepicker2\" value=\"\">\r\n\t\t\t\t<\/div>\r\n\t\t\t\r\n\t\t\t<\/div>\r\n\t\t\t\r\n\t\t\t\t\t\t<hr class=\"space8\" \/>\r\n\t\t\t<label for=\"book_room\">Quartos<\/label>\r\n\t\t\t<div class=\"select-wrapper\">\r\n\t\t\t\t<select name=\"room_qty\" id=\"room_qty\">\r\n\t\t\t\t\t\t\t\t\t\t\t\t\t\t\t\t\t\t\t\t\t\t\t\t\t\t\t<option value=\"1\"  selected='selected'>1<\/option>\r\n\t\t\t\t\t\t\t\t\t\t\t<option value=\"2\" >2<\/option>\r\n\t\t\t\t\t\t\t\t\t\t\t<option value=\"3\" >3<\/option>\r\n\t\t\t\t\t\t\t\t\t\t\t<option value=\"4\" >4<\/option>\r\n\t\t\t\t\t\t\t\t\t\t\t<option value=\"5\" >5<\/option>\r\n\t\t\t\t\t\t\t\t\t<\/select>\r\n\t\t\t<\/div>\r\n\t\t\t\t\t\t\r\n\t\t\t<!-- BEGIN .rooms-wrapper -->\r\n\t\t\t<div class=\"rooms-wrapper\">\r\n\t\t\t\r\n\t\t\t\t<!-- BEGIN .room-n -->\r\n\t\t\t\t\t\t\t\t<div class=\"room-1 clearfix\">\r\n\t\t\t\t\t<hr class=\"space8\" \/>\r\n\t\t\t\t\t<p class=\"label\">Room 1<\/p>\r\n\t\t\t\t\t<div class=\"one-third-form\">\r\n\t\t\t\t\t\t<label for=\"room_1_adults\">Adultos<\/label>\r\n\t\t\t\t\t\t<div class=\"select-wrapper\">\r\n\t\t\t\t\t\t\t<select name=\"room_1_adults\" id=\"room_1_adults\">\r\n\t\t\t\t\t\t\t\t\t\t\t\t\t\t\t\t\t\t\t\t\t\t\t\t\t\t\t\t\t\t\t\t\t\t\t\t\t\t\t\t\t\t<option value=\"0\"  selected='selected'>0<\/option>\r\n\t\t\t\t\t\t\t\t\t\t\t\t\t\t\t\t\t<option value=\"1\" >1<\/option>\r\n\t\t\t\t\t\t\t\t\t\t\t\t\t\t\t\t\t<option value=\"2\" >2<\/option>\r\n\t\t\t\t\t\t\t\t\t\t\t\t\t\t\t\t\t<option value=\"3\" >3<\/option>\r\n\t\t\t\t\t\t\t\t\t\t\t\t\t\t\t\t\t<option value=\"4\" >4<\/option>\r\n\t\t\t\t\t\t\t\t\t\t\t\t\t\t\t\t\t<option value=\"5\" >5<\/option>\r\n\t\t\t\t\t\t\t\t\t\t\t\t\t\t\t<\/select>\r\n\t\t\t\t\t\t<\/div>\r\n\t\t\t\t\t<\/div>\r\n\t\t\t\t\t\r\n\t\t\t\t\t\t\t\t\t\t\r\n\t\t\t\t\t<div class=\"one-third-form last-col\">\r\n\t\t\t\t\t\t<label for=\"room_1_children\">Crian\u00e7as<\/label>\r\n\t\t\t\t\t\t<div class=\"select-wrapper\">\r\n\t\t\t\t\t\t\t<select name=\"room_1_children\" id=\"room_1_children\">\r\n\t\t\t\t\t\t\t\t\t\t\t\t\t\t\t\t\t\t\t\t\t\t\t\t\t\t\t\t\t\t\t\t\t\t\t\t\t\t\t\t\t\t<option value=\"0\"  selected='selected'>0<\/option>\r\n\t\t\t\t\t\t\t\t\t\t\t\t\t\t\t\t\t<option value=\"1\" >1<\/option>\r\n\t\t\t\t\t\t\t\t\t\t\t\t\t\t\t\t\t<option value=\"2\" >2<\/option>\r\n\t\t\t\t\t\t\t\t\t\t\t\t\t\t\t\t\t<option value=\"3\" >3<\/option>\r\n\t\t\t\t\t\t\t\t\t\t\t\t\t\t\t\t\t<option value=\"4\" >4<\/option>\r\n\t\t\t\t\t\t\t\t\t\t\t\t\t\t\t\t\t<option value=\"5\" >5<\/option>\r\n\t\t\t\t\t\t\t\t\t\t\t\t\t\t\t<\/select>\r\n\t\t\t\t\t\t<\/div>\r\n\t\t\t\t\t<\/div>\r\n\t\t\t\t\t\r\n\t\t\t\t\t\t\t\t\t\t\r\n\t\t\t\t<!-- END .room-n -->\r\n\t\t\t\t<\/div>\r\n\t\t\t\t\t\t\t\t<div class=\"room-2 clearfix\">\r\n\t\t\t\t\t<hr class=\"space8\" \/>\r\n\t\t\t\t\t<p class=\"label\">Room 2<\/p>\r\n\t\t\t\t\t<div class=\"one-third-form\">\r\n\t\t\t\t\t\t<label for=\"room_2_adults\">Adultos<\/label>\r\n\t\t\t\t\t\t<div class=\"select-wrapper\">\r\n\t\t\t\t\t\t\t<select name=\"room_2_adults\" id=\"room_2_adults\">\r\n\t\t\t\t\t\t\t\t\t\t\t\t\t\t\t\t\t\t\t\t\t\t\t\t\t\t\t\t\t\t\t\t\t\t\t\t\t\t\t\t\t\t<option value=\"0\"  selected='selected'>0<\/option>\r\n\t\t\t\t\t\t\t\t\t\t\t\t\t\t\t\t\t<option value=\"1\" >1<\/option>\r\n\t\t\t\t\t\t\t\t\t\t\t\t\t\t\t\t\t<option value=\"2\" >2<\/option>\r\n\t\t\t\t\t\t\t\t\t\t\t\t\t\t\t\t\t<option value=\"3\" >3<\/option>\r\n\t\t\t\t\t\t\t\t\t\t\t\t\t\t\t\t\t<option value=\"4\" >4<\/option>\r\n\t\t\t\t\t\t\t\t\t\t\t\t\t\t\t\t\t<option value=\"5\" >5<\/option>\r\n\t\t\t\t\t\t\t\t\t\t\t\t\t\t\t<\/select>\r\n\t\t\t\t\t\t<\/div>\r\n\t\t\t\t\t<\/div>\r\n\t\t\t\t\t\r\n\t\t\t\t\t\t\t\t\t\t\r\n\t\t\t\t\t<div class=\"one-third-form last-col\">\r\n\t\t\t\t\t\t<label for=\"room_2_children\">Crian\u00e7as<\/label>\r\n\t\t\t\t\t\t<div class=\"select-wrapper\">\r\n\t\t\t\t\t\t\t<select name=\"room_2_children\" id=\"room_2_children\">\r\n\t\t\t\t\t\t\t\t\t\t\t\t\t\t\t\t\t\t\t\t\t\t\t\t\t\t\t\t\t\t\t\t\t\t\t\t\t\t\t\t\t\t<option value=\"0\"  selected='selected'>0<\/option>\r\n\t\t\t\t\t\t\t\t\t\t\t\t\t\t\t\t\t<option value=\"1\" >1<\/option>\r\n\t\t\t\t\t\t\t\t\t\t\t\t\t\t\t\t\t<option value=\"2\" >2<\/option>\r\n\t\t\t\t\t\t\t\t\t\t\t\t\t\t\t\t\t<option value=\"3\" >3<\/option>\r\n\t\t\t\t\t\t\t\t\t\t\t\t\t\t\t\t\t<option value=\"4\" >4<\/option>\r\n\t\t\t\t\t\t\t\t\t\t\t\t\t\t\t\t\t<option value=\"5\" >5<\/option>\r\n\t\t\t\t\t\t\t\t\t\t\t\t\t\t\t<\/select>\r\n\t\t\t\t\t\t<\/div>\r\n\t\t\t\t\t<\/div>\r\n\t\t\t\t\t\r\n\t\t\t\t\t\t\t\t\t\t\r\n\t\t\t\t<!-- END .room-n -->\r\n\t\t\t\t<\/div>\r\n\t\t\t\t\t\t\t\t<div class=\"room-3 clearfix\">\r\n\t\t\t\t\t<hr class=\"space8\" \/>\r\n\t\t\t\t\t<p class=\"label\">Room 3<\/p>\r\n\t\t\t\t\t<div class=\"one-third-form\">\r\n\t\t\t\t\t\t<label for=\"room_3_adults\">Adultos<\/label>\r\n\t\t\t\t\t\t<div class=\"select-wrapper\">\r\n\t\t\t\t\t\t\t<select name=\"room_3_adults\" id=\"room_3_adults\">\r\n\t\t\t\t\t\t\t\t\t\t\t\t\t\t\t\t\t\t\t\t\t\t\t\t\t\t\t\t\t\t\t\t\t\t\t\t\t\t\t\t\t\t<option value=\"0\"  selected='selected'>0<\/option>\r\n\t\t\t\t\t\t\t\t\t\t\t\t\t\t\t\t\t<option value=\"1\" >1<\/option>\r\n\t\t\t\t\t\t\t\t\t\t\t\t\t\t\t\t\t<option value=\"2\" >2<\/option>\r\n\t\t\t\t\t\t\t\t\t\t\t\t\t\t\t\t\t<option value=\"3\" >3<\/option>\r\n\t\t\t\t\t\t\t\t\t\t\t\t\t\t\t\t\t<option value=\"4\" >4<\/option>\r\n\t\t\t\t\t\t\t\t\t\t\t\t\t\t\t\t\t<option value=\"5\" >5<\/option>\r\n\t\t\t\t\t\t\t\t\t\t\t\t\t\t\t<\/select>\r\n\t\t\t\t\t\t<\/div>\r\n\t\t\t\t\t<\/div>\r\n\t\t\t\t\t\r\n\t\t\t\t\t\t\t\t\t\t\r\n\t\t\t\t\t<div class=\"one-third-form last-col\">\r\n\t\t\t\t\t\t<label for=\"room_3_children\">Crian\u00e7as<\/label>\r\n\t\t\t\t\t\t<div class=\"select-wrapper\">\r\n\t\t\t\t\t\t\t<select name=\"room_3_children\" id=\"room_3_children\">\r\n\t\t\t\t\t\t\t\t\t\t\t\t\t\t\t\t\t\t\t\t\t\t\t\t\t\t\t\t\t\t\t\t\t\t\t\t\t\t\t\t\t\t<option value=\"0\"  selected='selected'>0<\/option>\r\n\t\t\t\t\t\t\t\t\t\t\t\t\t\t\t\t\t<option value=\"1\" >1<\/option>\r\n\t\t\t\t\t\t\t\t\t\t\t\t\t\t\t\t\t<option value=\"2\" >2<\/option>\r\n\t\t\t\t\t\t\t\t\t\t\t\t\t\t\t\t\t<option value=\"3\" >3<\/option>\r\n\t\t\t\t\t\t\t\t\t\t\t\t\t\t\t\t\t<option value=\"4\" >4<\/option>\r\n\t\t\t\t\t\t\t\t\t\t\t\t\t\t\t\t\t<option value=\"5\" >5<\/option>\r\n\t\t\t\t\t\t\t\t\t\t\t\t\t\t\t<\/select>\r\n\t\t\t\t\t\t<\/div>\r\n\t\t\t\t\t<\/div>\r\n\t\t\t\t\t\r\n\t\t\t\t\t\t\t\t\t\t\r\n\t\t\t\t<!-- END .room-n -->\r\n\t\t\t\t<\/div>\r\n\t\t\t\t\t\t\t\t<div class=\"room-4 clearfix\">\r\n\t\t\t\t\t<hr class=\"space8\" \/>\r\n\t\t\t\t\t<p class=\"label\">Room 4<\/p>\r\n\t\t\t\t\t<div class=\"one-third-form\">\r\n\t\t\t\t\t\t<label for=\"room_4_adults\">Adultos<\/label>\r\n\t\t\t\t\t\t<div class=\"select-wrapper\">\r\n\t\t\t\t\t\t\t<select name=\"room_4_adults\" id=\"room_4_adults\">\r\n\t\t\t\t\t\t\t\t\t\t\t\t\t\t\t\t\t\t\t\t\t\t\t\t\t\t\t\t\t\t\t\t\t\t\t\t\t\t\t\t\t\t<option value=\"0\"  selected='selected'>0<\/option>\r\n\t\t\t\t\t\t\t\t\t\t\t\t\t\t\t\t\t<option value=\"1\" >1<\/option>\r\n\t\t\t\t\t\t\t\t\t\t\t\t\t\t\t\t\t<option value=\"2\" >2<\/option>\r\n\t\t\t\t\t\t\t\t\t\t\t\t\t\t\t\t\t<option value=\"3\" >3<\/option>\r\n\t\t\t\t\t\t\t\t\t\t\t\t\t\t\t\t\t<option value=\"4\" >4<\/option>\r\n\t\t\t\t\t\t\t\t\t\t\t\t\t\t\t\t\t<option value=\"5\" >5<\/option>\r\n\t\t\t\t\t\t\t\t\t\t\t\t\t\t\t<\/select>\r\n\t\t\t\t\t\t<\/div>\r\n\t\t\t\t\t<\/div>\r\n\t\t\t\t\t\r\n\t\t\t\t\t\t\t\t\t\t\r\n\t\t\t\t\t<div class=\"one-third-form last-col\">\r\n\t\t\t\t\t\t<label for=\"room_4_children\">Crian\u00e7as<\/label>\r\n\t\t\t\t\t\t<div class=\"select-wrapper\">\r\n\t\t\t\t\t\t\t<select name=\"room_4_children\" id=\"room_4_children\">\r\n\t\t\t\t\t\t\t\t\t\t\t\t\t\t\t\t\t\t\t\t\t\t\t\t\t\t\t\t\t\t\t\t\t\t\t\t\t\t\t\t\t\t<option value=\"0\"  selected='selected'>0<\/option>\r\n\t\t\t\t\t\t\t\t\t\t\t\t\t\t\t\t\t<option value=\"1\" >1<\/option>\r\n\t\t\t\t\t\t\t\t\t\t\t\t\t\t\t\t\t<option value=\"2\" >2<\/option>\r\n\t\t\t\t\t\t\t\t\t\t\t\t\t\t\t\t\t<option value=\"3\" >3<\/option>\r\n\t\t\t\t\t\t\t\t\t\t\t\t\t\t\t\t\t<option value=\"4\" >4<\/option>\r\n\t\t\t\t\t\t\t\t\t\t\t\t\t\t\t\t\t<option value=\"5\" >5<\/option>\r\n\t\t\t\t\t\t\t\t\t\t\t\t\t\t\t<\/select>\r\n\t\t\t\t\t\t<\/div>\r\n\t\t\t\t\t<\/div>\r\n\t\t\t\t\t\r\n\t\t\t\t\t\t\t\t\t\t\r\n\t\t\t\t<!-- END .room-n -->\r\n\t\t\t\t<\/div>\r\n\t\t\t\t\t\t\t\t<div class=\"room-5 clearfix\">\r\n\t\t\t\t\t<hr class=\"space8\" \/>\r\n\t\t\t\t\t<p class=\"label\">Room 5<\/p>\r\n\t\t\t\t\t<div class=\"one-third-form\">\r\n\t\t\t\t\t\t<label for=\"room_5_adults\">Adultos<\/label>\r\n\t\t\t\t\t\t<div class=\"select-wrapper\">\r\n\t\t\t\t\t\t\t<select name=\"room_5_adults\" id=\"room_5_adults\">\r\n\t\t\t\t\t\t\t\t\t\t\t\t\t\t\t\t\t\t\t\t\t\t\t\t\t\t\t\t\t\t\t\t\t\t\t\t\t\t\t\t\t\t<option value=\"0\"  selected='selected'>0<\/option>\r\n\t\t\t\t\t\t\t\t\t\t\t\t\t\t\t\t\t<option value=\"1\" >1<\/option>\r\n\t\t\t\t\t\t\t\t\t\t\t\t\t\t\t\t\t<option value=\"2\" >2<\/option>\r\n\t\t\t\t\t\t\t\t\t\t\t\t\t\t\t\t\t<option value=\"3\" >3<\/option>\r\n\t\t\t\t\t\t\t\t\t\t\t\t\t\t\t\t\t<option value=\"4\" >4<\/option>\r\n\t\t\t\t\t\t\t\t\t\t\t\t\t\t\t\t\t<option value=\"5\" >5<\/option>\r\n\t\t\t\t\t\t\t\t\t\t\t\t\t\t\t<\/select>\r\n\t\t\t\t\t\t<\/div>\r\n\t\t\t\t\t<\/div>\r\n\t\t\t\t\t\r\n\t\t\t\t\t\t\t\t\t\t\r\n\t\t\t\t\t<div class=\"one-third-form last-col\">\r\n\t\t\t\t\t\t<label for=\"room_5_children\">Crian\u00e7as<\/label>\r\n\t\t\t\t\t\t<div class=\"select-wrapper\">\r\n\t\t\t\t\t\t\t<select name=\"room_5_children\" id=\"room_5_children\">\r\n\t\t\t\t\t\t\t\t\t\t\t\t\t\t\t\t\t\t\t\t\t\t\t\t\t\t\t\t\t\t\t\t\t\t\t\t\t\t\t\t\t\t<option value=\"0\"  selected='selected'>0<\/option>\r\n\t\t\t\t\t\t\t\t\t\t\t\t\t\t\t\t\t<option value=\"1\" >1<\/option>\r\n\t\t\t\t\t\t\t\t\t\t\t\t\t\t\t\t\t<option value=\"2\" >2<\/option>\r\n\t\t\t\t\t\t\t\t\t\t\t\t\t\t\t\t\t<option value=\"3\" >3<\/option>\r\n\t\t\t\t\t\t\t\t\t\t\t\t\t\t\t\t\t<option value=\"4\" >4<\/option>\r\n\t\t\t\t\t\t\t\t\t\t\t\t\t\t\t\t\t<option value=\"5\" >5<\/option>\r\n\t\t\t\t\t\t\t\t\t\t\t\t\t\t\t<\/select>\r\n\t\t\t\t\t\t<\/div>\r\n\t\t\t\t\t<\/div>\r\n\t\t\t\t\t\r\n\t\t\t\t\t\t\t\t\t\t\r\n\t\t\t\t<!-- END .room-n -->\r\n\t\t\t\t<\/div>\r\n\t\t\t\t\r\n\t\t\t<!-- END .rooms-wrapper -->\r\n\t\t\t<\/div>\r\n\r\n\t\t\t<hr class=\"space8\" \/>\r\n\t\t\t\t\t\t<input class=\"bookbutton\" type=\"submit\" name=\"booking_step_1_submit\" value=\"Ver disponibilidade\" \/>\r\n\r\n\t\t<\/form>\r\n\t\r\n\t<!-- END .booking-side -->\r\n\t<\/div>\r\n\r\n<!-- END .booking-side-wrapper -->\r\n<\/div>\r\n\r\n<div class=\"clearboth\"><\/div>\r\n\n","protected":false},"excerpt":{"rendered":"","protected":false},"author":1,"featured_media":0,"parent":0,"menu_order":0,"comment_status":"closed","ping_status":"closed","template":"page-templates\/template-full-width.php","meta":[],"_links":{"self":[{"href":"https:\/\/www.hotellafontaine.com.br\/site\/wp-json\/wp\/v2\/pages\/7"}],"collection":[{"href":"https:\/\/www.hotellafontaine.com.br\/site\/wp-json\/wp\/v2\/pages"}],"about":[{"href":"https:\/\/www.hotellafontaine.com.br\/site\/wp-json\/wp\/v2\/types\/page"}],"author":[{"embeddable":true,"href":"https:\/\/www.hotellafontaine.com.br\/site\/wp-json\/wp\/v2\/users\/1"}],"replies":[{"embeddable":true,"href":"https:\/\/www.hotellafontaine.com.br\/site\/wp-json\/wp\/v2\/comments?post=7"}],"version-history":[{"count":3,"href":"https:\/\/www.hotellafontaine.com.br\/site\/wp-json\/wp\/v2\/pages\/7\/revisions"}],"predecessor-version":[{"id":299,"href":"https:\/\/www.hotellafontaine.com.br\/site\/wp-json\/wp\/v2\/pages\/7\/revisions\/299"}],"wp:attachment":[{"href":"https:\/\/www.hotellafontaine.com.br\/site\/wp-json\/wp\/v2\/media?parent=7"}],"curies":[{"name":"wp","href":"https:\/\/api.w.org\/{rel}","templated":true}]}}